{"id":4138,"date":"2026-03-05T10:44:25","date_gmt":"2026-03-05T09:44:25","guid":{"rendered":"https:\/\/freeland.bz.it\/?post_type=product&#038;p=4138"},"modified":"2026-04-13T10:25:02","modified_gmt":"2026-04-13T09:25:02","slug":"mantua-palazzo-te-und-sammlung-sonnabend-copia-3","status":"publish","type":"product","link":"https:\/\/freeland.bz.it\/de\/prodotto\/mantua-palazzo-te-und-sammlung-sonnabend-copia-3\/","title":{"rendered":"Trekking &#8211; I percorsi Occitani in Val Maira"},"content":{"rendered":"<div class=\"page\" title=\"Seite 1\">\n<div class=\"section\">\n<div class=\"section\">\n<div class=\"layoutArea\">\n<div class=\"column\">\n<div class=\"page\" title=\"Seite 1\">\n<div class=\"layoutArea\">\n<div class=\"column\">\n<p>In den Cottischen Alpen, im Herzen des westlichen Piemonts, liegt ein Alpental, in dem die okzitanische Sprache und Traditionen noch sehr lebendig sind \u2013 wahrscheinlich eines der faszinierendsten Italiens: das Maira-Tal, das seine alte Geschichte bewahrt und dem Besucher unvergleichliche Landschaften, verzauberte Orte und manchmal auch von lokalen Legenden umwobene St\u00e4tten bietet.<\/p>\n<p>Das Besondere an dieser Gegend ist zweifellos ihr Netz aus Wanderwegen, die sich durch die W\u00e4lder schl\u00e4ngeln, sowie ihre 17 Ortschaften, darunter Stroppo, Macra und Acceglio, oder Felsformationen wie die eindrucksvolle Grotta del Diavolo oder Rocca la Meja, die noch Zeugnisse der Vergangenheit bewahren, wie Burgruinen oder sogar arch\u00e4ologische St\u00e4tten aus pr\u00e4historischer Zeit wie die von Roccabruna.<\/p>\n<p>Das Tal ist zudem f\u00fcr seine Wasserformationen bekannt: Die Wasserf\u00e4lle von Stroppia und die verschiedenen Seen mit ihren schwarzen oder blauen Farbt\u00f6nen sind ein deutliches Beispiel daf\u00fcr.<\/p>\n<\/div>\n<\/div>\n<\/div>\n<\/div>\n<\/div>\n<\/div>\n<\/div>\n<\/div>\n","protected":false},"excerpt":{"rendered":"<p>In den Cottischen Alpen, im Herzen des westlichen Piemonts, liegt ein Alpental, in dem die okzitanische Sprache und Traditionen noch sehr lebendig sind \u2013 wahrscheinlich eines der faszinierendsten Italiens: das Maira-Tal, das seine alte Geschichte bewahrt und dem Besucher unvergleichliche Landschaften, verzauberte Orte und manchmal auch von lokalen Legenden umwobene St\u00e4tten bietet. Das Besondere an [&hellip;]<\/p>\n","protected":false},"featured_media":4149,"comment_status":"closed","ping_status":"closed","template":"","meta":[],"product_brand":[],"product_cat":[96],"product_tag":[],"class_list":{"0":"post-4138","1":"product","2":"type-product","3":"status-publish","4":"has-post-thumbnail","6":"product_cat-reisen","8":"first","9":"instock","10":"taxable","11":"shipping-taxable","12":"purchasable","13":"product-type-variable"},"_links":{"self":[{"href":"https:\/\/freeland.bz.it\/de\/wp-json\/wp\/v2\/product\/4138","targetHints":{"allow":["GET"]}}],"collection":[{"href":"https:\/\/freeland.bz.it\/de\/wp-json\/wp\/v2\/product"}],"about":[{"href":"https:\/\/freeland.bz.it\/de\/wp-json\/wp\/v2\/types\/product"}],"replies":[{"embeddable":true,"href":"https:\/\/freeland.bz.it\/de\/wp-json\/wp\/v2\/comments?post=4138"}],"version-history":[{"count":2,"href":"https:\/\/freeland.bz.it\/de\/wp-json\/wp\/v2\/product\/4138\/revisions"}],"predecessor-version":[{"id":4272,"href":"https:\/\/freeland.bz.it\/de\/wp-json\/wp\/v2\/product\/4138\/revisions\/4272"}],"wp:featuredmedia":[{"embeddable":true,"href":"https:\/\/freeland.bz.it\/de\/wp-json\/wp\/v2\/media\/4149"}],"wp:attachment":[{"href":"https:\/\/freeland.bz.it\/de\/wp-json\/wp\/v2\/media?parent=4138"}],"wp:term":[{"taxonomy":"product_brand","embeddable":true,"href":"https:\/\/freeland.bz.it\/de\/wp-json\/wp\/v2\/product_brand?post=4138"},{"taxonomy":"product_cat","embeddable":true,"href":"https:\/\/freeland.bz.it\/de\/wp-json\/wp\/v2\/product_cat?post=4138"},{"taxonomy":"product_tag","embeddable":true,"href":"https:\/\/freeland.bz.it\/de\/wp-json\/wp\/v2\/product_tag?post=4138"}],"curies":[{"name":"wp","href":"https:\/\/api.w.org\/{rel}","templated":true}]}}