{"id":4024,"date":"2026-02-19T09:32:59","date_gmt":"2026-02-19T08:32:59","guid":{"rendered":"https:\/\/freeland.bz.it\/?post_type=product&#038;p=4024"},"modified":"2026-02-19T10:07:24","modified_gmt":"2026-02-19T09:07:24","slug":"abano-terme-copia-copia","status":"publish","type":"product","link":"https:\/\/freeland.bz.it\/de\/prodotto\/abano-terme-copia-copia\/","title":{"rendered":"Trekking: Finale Ligure"},"content":{"rendered":"<p>Eine langsame \u00dcberquerung, mit Zwischenstopps und Erkundungen, um unsere Neugier zu wecken. Hier, wo<br \/>\nZeit, Wasser und Wind mit dem Fels gespielt und faszinierende Formen geschaffen haben, Intarsien aus fossilen Muscheln,<br \/>\nH\u00f6hlen und anderen W\u00e4nden, ist der Stein H\u00fcter von Geschichten, die es wert sind, geh\u00f6rt zu werden. Vier Hochebenen, vier T\u00e4ler, zwischen<br \/>\nD\u00fcften von Macchia und Gariga, verbergen in der Stille eine versunkene Welt; mittelalterliche Festungsd\u00f6rfer,<br \/>\nalte ligurische D\u00f6rfer und seit Jahrtausenden bewohnte H\u00f6hlen machen dieses Land zum reichsten Liguriens, wo<br \/>\nKirchen und Felszeichnungen nebeneinander existieren.<br \/>\nDie ersten beiden Tage verbringen Sie im h\u00e4ngenden Tal des Rio Ponci mit seinen f\u00fcnf r\u00f6mischen Br\u00fccken. Zun\u00e4chst<br \/>\nsteigen Sie von der Hochebene delle Manie auf der Suche nach Carruggi und Seefahrergeschichten hinab. Sie wandern auf Pfaden durch<br \/>\ndie mediterrane Macchia, \u00fcber Klippen und durch Olivenhaine bis zu den typischen K\u00fcstend\u00f6rfern zwischen Noli und Varigotti. Dann, nachdem man<br \/>\nCalvisio erreicht hat, steigt man auf die Hochebene zwischen Pianarella und Monte Cucco, einem f\u00fcr die Alten heiligen Gebiet, das von Megalithen<br \/>\nund Felszeichnungen gepr\u00e4gt ist. Hochste Felsen (bis zu 250 Meter), versteckte Terrassen, auf denen fr\u00fcher Getreide<br \/>\nund H\u00fclsenfr\u00fcchte angebaut wurden, Trockenmauern, Fossilien in jedem Stein.       Von Orco aus ver\u00e4ndert sich die Felslandschaft, es gibt reichlich Wasser und die Vegetation<br \/>\nist \u00fcppig: Hier, zwischen Kastanienw\u00e4ldern, Weinbergen und Bauernh\u00f6fen, erreichen wir Feligno und tauchen<br \/>\nf\u00fcr diese Etappe im Hinterland erneut in die Karstlandschaft von Finale ein.<br \/>\nDer Weg \u00fcber den Bergr\u00fccken zwischen Montesoro und Bric Scimarco bis nach Perti ist eine echte Reise in die Geschichte: H\u00f6hlen, Neandertaler und<br \/>\nSapiens, byzantinische Festungen, mittelalterliche Burgen und fr\u00fchchristliche Kirchen, bis man auf einem Saumpfad<br \/>\nFinalborgo erreicht.<br \/>\nDie letzte Etappe f\u00fchrt zur\u00fcck zum Meer; man steigt auf das Vorgebirge von Caprazoppa hinauf, \u00fcberquert es und erreicht das<br \/>\nsarazenische Dorf Verezzi, einen wundersch\u00f6nen Balkon an der K\u00fcste. Von hier aus geht es zwischen Gem\u00fcseg\u00e4rten und Zitrusb\u00e4umen sanft hinunter<br \/>\nnach Borgio, wo unsere Reise endet. <\/p>\n","protected":false},"excerpt":{"rendered":"<p>Eine langsame \u00dcberquerung, mit Zwischenstopps und Erkundungen, um unsere Neugier zu wecken. Hier, wo Zeit, Wasser und Wind mit dem Fels gespielt und faszinierende Formen geschaffen haben, Intarsien aus fossilen Muscheln, H\u00f6hlen und anderen W\u00e4nden, ist der Stein H\u00fcter von Geschichten, die es wert sind, geh\u00f6rt zu werden. Vier Hochebenen, vier T\u00e4ler, zwischen D\u00fcften von [&hellip;]<\/p>\n","protected":false},"featured_media":4032,"comment_status":"closed","ping_status":"closed","template":"","meta":[],"product_brand":[],"product_cat":[96],"product_tag":[],"class_list":{"0":"post-4024","1":"product","2":"type-product","3":"status-publish","4":"has-post-thumbnail","6":"product_cat-reisen","8":"first","9":"outofstock","10":"taxable","11":"shipping-taxable","12":"purchasable","13":"product-type-variable"},"_links":{"self":[{"href":"https:\/\/freeland.bz.it\/de\/wp-json\/wp\/v2\/product\/4024","targetHints":{"allow":["GET"]}}],"collection":[{"href":"https:\/\/freeland.bz.it\/de\/wp-json\/wp\/v2\/product"}],"about":[{"href":"https:\/\/freeland.bz.it\/de\/wp-json\/wp\/v2\/types\/product"}],"replies":[{"embeddable":true,"href":"https:\/\/freeland.bz.it\/de\/wp-json\/wp\/v2\/comments?post=4024"}],"version-history":[{"count":2,"href":"https:\/\/freeland.bz.it\/de\/wp-json\/wp\/v2\/product\/4024\/revisions"}],"predecessor-version":[{"id":4037,"href":"https:\/\/freeland.bz.it\/de\/wp-json\/wp\/v2\/product\/4024\/revisions\/4037"}],"wp:featuredmedia":[{"embeddable":true,"href":"https:\/\/freeland.bz.it\/de\/wp-json\/wp\/v2\/media\/4032"}],"wp:attachment":[{"href":"https:\/\/freeland.bz.it\/de\/wp-json\/wp\/v2\/media?parent=4024"}],"wp:term":[{"taxonomy":"product_brand","embeddable":true,"href":"https:\/\/freeland.bz.it\/de\/wp-json\/wp\/v2\/product_brand?post=4024"},{"taxonomy":"product_cat","embeddable":true,"href":"https:\/\/freeland.bz.it\/de\/wp-json\/wp\/v2\/product_cat?post=4024"},{"taxonomy":"product_tag","embeddable":true,"href":"https:\/\/freeland.bz.it\/de\/wp-json\/wp\/v2\/product_tag?post=4024"}],"curies":[{"name":"wp","href":"https:\/\/api.w.org\/{rel}","templated":true}]}}