{"id":3843,"date":"2026-02-05T08:43:33","date_gmt":"2026-02-05T07:43:33","guid":{"rendered":"https:\/\/freeland.bz.it\/?post_type=product&#038;p=3843"},"modified":"2026-04-13T11:07:46","modified_gmt":"2026-04-13T10:07:46","slug":"mantua-palazzo-te-und-sammlung-sonnabend-copia-2","status":"publish","type":"product","link":"https:\/\/freeland.bz.it\/de\/prodotto\/mantua-palazzo-te-und-sammlung-sonnabend-copia-2\/","title":{"rendered":"Abano Terme"},"content":{"rendered":"<p>Abano Terme ist das ideale Reiseziel f\u00fcr alle, die im Herzen der Euganeischen H\u00fcgel das perfekte Gleichgewicht zwischen Gesundheit und Entspannung suchen. In einer Atmosph\u00e4re regenerierender Ruhe profitieren Sie von den einzigartigen therapeutischen Eigenschaften des Brom-Jod-Sole-Wassers und den ber\u00fchmten Fangotherapie-Anwendungen, die ideal sind, um Verspannungen zu l\u00f6sen und den K\u00f6rper zu revitalisieren. Zwischen einem Bad in den warmen Thermalbecken und einem modernen Spa-Parcours haben Sie die M\u00f6glichkeit, Ihren nat\u00fcrlichen Rhythmus wiederzufinden \u2013 begleitet von der tadellosen Gastfreundschaft unserer ausgew\u00e4hlten Hotels und den authentischen Aromen der venetischen K\u00fcche. Es ist die perfekte Gelegenheit, um abzuschalten und sich ein sinnliches Erlebnis zu g\u00f6nnen, das nicht nur den K\u00f6rper, sondern auch den Geist regeneriert.<\/p>\n","protected":false},"excerpt":{"rendered":"<p>Abano Terme ist das ideale Reiseziel f\u00fcr alle, die im Herzen der Euganeischen H\u00fcgel das perfekte Gleichgewicht zwischen Gesundheit und Entspannung suchen. In einer Atmosph\u00e4re regenerierender Ruhe profitieren Sie von den einzigartigen therapeutischen Eigenschaften des Brom-Jod-Sole-Wassers und den ber\u00fchmten Fangotherapie-Anwendungen, die ideal sind, um Verspannungen zu l\u00f6sen und den K\u00f6rper zu revitalisieren. Zwischen einem Bad [&hellip;]<\/p>\n","protected":false},"featured_media":3863,"comment_status":"closed","ping_status":"closed","template":"","meta":[],"product_brand":[],"product_cat":[96],"product_tag":[],"class_list":{"0":"post-3843","1":"product","2":"type-product","3":"status-publish","4":"has-post-thumbnail","6":"product_cat-reisen","8":"first","9":"outofstock","10":"taxable","11":"shipping-taxable","12":"purchasable","13":"product-type-variable"},"_links":{"self":[{"href":"https:\/\/freeland.bz.it\/de\/wp-json\/wp\/v2\/product\/3843","targetHints":{"allow":["GET"]}}],"collection":[{"href":"https:\/\/freeland.bz.it\/de\/wp-json\/wp\/v2\/product"}],"about":[{"href":"https:\/\/freeland.bz.it\/de\/wp-json\/wp\/v2\/types\/product"}],"replies":[{"embeddable":true,"href":"https:\/\/freeland.bz.it\/de\/wp-json\/wp\/v2\/comments?post=3843"}],"version-history":[{"count":2,"href":"https:\/\/freeland.bz.it\/de\/wp-json\/wp\/v2\/product\/3843\/revisions"}],"predecessor-version":[{"id":3874,"href":"https:\/\/freeland.bz.it\/de\/wp-json\/wp\/v2\/product\/3843\/revisions\/3874"}],"wp:featuredmedia":[{"embeddable":true,"href":"https:\/\/freeland.bz.it\/de\/wp-json\/wp\/v2\/media\/3863"}],"wp:attachment":[{"href":"https:\/\/freeland.bz.it\/de\/wp-json\/wp\/v2\/media?parent=3843"}],"wp:term":[{"taxonomy":"product_brand","embeddable":true,"href":"https:\/\/freeland.bz.it\/de\/wp-json\/wp\/v2\/product_brand?post=3843"},{"taxonomy":"product_cat","embeddable":true,"href":"https:\/\/freeland.bz.it\/de\/wp-json\/wp\/v2\/product_cat?post=3843"},{"taxonomy":"product_tag","embeddable":true,"href":"https:\/\/freeland.bz.it\/de\/wp-json\/wp\/v2\/product_tag?post=3843"}],"curies":[{"name":"wp","href":"https:\/\/api.w.org\/{rel}","templated":true}]}}