{"id":3728,"date":"2026-02-02T14:28:25","date_gmt":"2026-02-02T13:28:25","guid":{"rendered":"https:\/\/freeland.bz.it\/?post_type=product&#038;p=3728"},"modified":"2026-04-13T11:06:54","modified_gmt":"2026-04-13T10:06:54","slug":"mantua-palazzo-te-und-sammlung-sonnabend-copia","status":"publish","type":"product","link":"https:\/\/freeland.bz.it\/de\/prodotto\/mantua-palazzo-te-und-sammlung-sonnabend-copia\/","title":{"rendered":"Sharm El Sheikh \u2013 \u00c4gypten"},"content":{"rendered":"<div class=\"page\" title=\"Seite 1\">\n<div class=\"section\">\n<div class=\"section\">\n<div class=\"layoutArea\">\n<div class=\"column\">\n<div class=\"page\" title=\"Seite 1\">\n<div class=\"layoutArea\">\n<div class=\"column\">\n<p>Das Valtur Sharm Reef Oasis Blue Bay ist ein gro\u00dfes und elegantes Resort direkt am Meer. Der breite Sandstrand erm\u00f6glicht einen flachen Einstieg ins Wasser, der auch f\u00fcr weniger ge\u00fcbte Schwimmer geeignet ist. Es verf\u00fcgt au\u00dferdem \u00fcber einen Steg, der direkten Zugang zum wundersch\u00f6nen Korallenriff des Roten Meeres bietet. Die Anlage bietet eine Vielzahl von Dienstleistungen, darunter ein All-Inclusive-Angebot mit zahlreichen Restaurants, Bars und Sportaktivit\u00e4ten, und eignet sich sowohl f\u00fcr Paare als auch f\u00fcr Familien und Gruppen von Freunden, die einen Urlaub im Zeichen von Entspannung, Sport und Spa\u00df suchen. Es liegt nur 11 km vom Flughafen Sharm el Sheikh und 8 km vom Zentrum von Naama Bay mit seinen Restaurants, Bars, Caf\u00e9s und Nachtclubs entfernt.<\/p>\n<\/div>\n<\/div>\n<\/div>\n<\/div>\n<\/div>\n<\/div>\n<\/div>\n<\/div>\n","protected":false},"excerpt":{"rendered":"<p>Das Valtur Sharm Reef Oasis Blue Bay ist ein gro\u00dfes und elegantes Resort direkt am Meer. Der breite Sandstrand erm\u00f6glicht einen flachen Einstieg ins Wasser, der auch f\u00fcr weniger ge\u00fcbte Schwimmer geeignet ist. Es verf\u00fcgt au\u00dferdem \u00fcber einen Steg, der direkten Zugang zum wundersch\u00f6nen Korallenriff des Roten Meeres bietet. Die Anlage bietet eine Vielzahl von [&hellip;]<\/p>\n","protected":false},"featured_media":3740,"comment_status":"closed","ping_status":"closed","template":"","meta":[],"product_brand":[],"product_cat":[96],"product_tag":[],"class_list":{"0":"post-3728","1":"product","2":"type-product","3":"status-publish","4":"has-post-thumbnail","6":"product_cat-reisen","8":"first","9":"instock","10":"taxable","11":"shipping-taxable","12":"purchasable","13":"product-type-variable"},"_links":{"self":[{"href":"https:\/\/freeland.bz.it\/de\/wp-json\/wp\/v2\/product\/3728","targetHints":{"allow":["GET"]}}],"collection":[{"href":"https:\/\/freeland.bz.it\/de\/wp-json\/wp\/v2\/product"}],"about":[{"href":"https:\/\/freeland.bz.it\/de\/wp-json\/wp\/v2\/types\/product"}],"replies":[{"embeddable":true,"href":"https:\/\/freeland.bz.it\/de\/wp-json\/wp\/v2\/comments?post=3728"}],"version-history":[{"count":2,"href":"https:\/\/freeland.bz.it\/de\/wp-json\/wp\/v2\/product\/3728\/revisions"}],"predecessor-version":[{"id":3806,"href":"https:\/\/freeland.bz.it\/de\/wp-json\/wp\/v2\/product\/3728\/revisions\/3806"}],"wp:featuredmedia":[{"embeddable":true,"href":"https:\/\/freeland.bz.it\/de\/wp-json\/wp\/v2\/media\/3740"}],"wp:attachment":[{"href":"https:\/\/freeland.bz.it\/de\/wp-json\/wp\/v2\/media?parent=3728"}],"wp:term":[{"taxonomy":"product_brand","embeddable":true,"href":"https:\/\/freeland.bz.it\/de\/wp-json\/wp\/v2\/product_brand?post=3728"},{"taxonomy":"product_cat","embeddable":true,"href":"https:\/\/freeland.bz.it\/de\/wp-json\/wp\/v2\/product_cat?post=3728"},{"taxonomy":"product_tag","embeddable":true,"href":"https:\/\/freeland.bz.it\/de\/wp-json\/wp\/v2\/product_tag?post=3728"}],"curies":[{"name":"wp","href":"https:\/\/api.w.org\/{rel}","templated":true}]}}