{"id":3583,"date":"2026-01-30T11:36:53","date_gmt":"2026-01-30T10:36:53","guid":{"rendered":"https:\/\/freeland.bz.it\/?post_type=product&#038;p=3583"},"modified":"2026-04-13T10:52:20","modified_gmt":"2026-04-13T09:52:20","slug":"sardinien-arborea-14-26-juni-2026-copia","status":"publish","type":"product","link":"https:\/\/freeland.bz.it\/de\/prodotto\/sardinien-arborea-14-26-juni-2026-copia\/","title":{"rendered":"Paris \u2013 Die Villa Lumiere und das Schloss von Versailles"},"content":{"rendered":"<p>Die Ville Lumiere, w\u00f6rtliche und metaphorische Bedeutung, deren Spitzname sowohl von der Vorreiterrolle in der \u00f6ffentlichen Stra\u00dfenbeleuchtung als auch von ihrer Rolle als Epizentrum der Aufkl\u00e4rungsbewegung stammt, die traditionelle \u00dcberzeugungen in Frage stellte. Es verk\u00f6rpert in der kollektiven Vorstellung das weltweite Zentrum der Kultur. Literatur und Kunst haben seine Legende gepr\u00e4gt.<\/p>\n","protected":false},"excerpt":{"rendered":"<p>Die Ville Lumiere, w\u00f6rtliche und metaphorische Bedeutung, deren Spitzname sowohl von der Vorreiterrolle in der \u00f6ffentlichen Stra\u00dfenbeleuchtung als auch von ihrer Rolle als Epizentrum der Aufkl\u00e4rungsbewegung stammt, die traditionelle \u00dcberzeugungen in Frage stellte. Es verk\u00f6rpert in der kollektiven Vorstellung das weltweite Zentrum der Kultur. Literatur und Kunst haben seine Legende gepr\u00e4gt.<\/p>\n","protected":false},"featured_media":3592,"comment_status":"closed","ping_status":"closed","template":"","meta":[],"product_brand":[],"product_cat":[96],"product_tag":[],"class_list":{"0":"post-3583","1":"product","2":"type-product","3":"status-publish","4":"has-post-thumbnail","6":"product_cat-reisen","8":"first","9":"instock","10":"taxable","11":"shipping-taxable","12":"purchasable","13":"product-type-variable"},"_links":{"self":[{"href":"https:\/\/freeland.bz.it\/de\/wp-json\/wp\/v2\/product\/3583","targetHints":{"allow":["GET"]}}],"collection":[{"href":"https:\/\/freeland.bz.it\/de\/wp-json\/wp\/v2\/product"}],"about":[{"href":"https:\/\/freeland.bz.it\/de\/wp-json\/wp\/v2\/types\/product"}],"replies":[{"embeddable":true,"href":"https:\/\/freeland.bz.it\/de\/wp-json\/wp\/v2\/comments?post=3583"}],"version-history":[{"count":2,"href":"https:\/\/freeland.bz.it\/de\/wp-json\/wp\/v2\/product\/3583\/revisions"}],"predecessor-version":[{"id":3660,"href":"https:\/\/freeland.bz.it\/de\/wp-json\/wp\/v2\/product\/3583\/revisions\/3660"}],"wp:featuredmedia":[{"embeddable":true,"href":"https:\/\/freeland.bz.it\/de\/wp-json\/wp\/v2\/media\/3592"}],"wp:attachment":[{"href":"https:\/\/freeland.bz.it\/de\/wp-json\/wp\/v2\/media?parent=3583"}],"wp:term":[{"taxonomy":"product_brand","embeddable":true,"href":"https:\/\/freeland.bz.it\/de\/wp-json\/wp\/v2\/product_brand?post=3583"},{"taxonomy":"product_cat","embeddable":true,"href":"https:\/\/freeland.bz.it\/de\/wp-json\/wp\/v2\/product_cat?post=3583"},{"taxonomy":"product_tag","embeddable":true,"href":"https:\/\/freeland.bz.it\/de\/wp-json\/wp\/v2\/product_tag?post=3583"}],"curies":[{"name":"wp","href":"https:\/\/api.w.org\/{rel}","templated":true}]}}