{"id":3451,"date":"2026-01-12T10:06:41","date_gmt":"2026-01-12T09:06:41","guid":{"rendered":"https:\/\/freeland.bz.it\/?post_type=product&#038;p=3451"},"modified":"2026-04-13T11:03:26","modified_gmt":"2026-04-13T10:03:26","slug":"sardinien-arborea-copia","status":"publish","type":"product","link":"https:\/\/freeland.bz.it\/de\/prodotto\/sardinien-arborea-copia\/","title":{"rendered":"Sardegna Arborea 14.06 &#8211; 26.06"},"content":{"rendered":"<p>Das Horse<br \/>\nCountry Resort Congress &amp; Spa &#8211; Hotel Medar befindet sich in Arborea, 700 Meter von Marina di Arborea entfernt, im noch unber\u00fchrten Teil der Insel und verf\u00fcgt \u00fcber ein Fitnesscenter, einen Garten und einen Gemeinschaftsraum, eine<br \/>\nBar und ein Restaurant mit italienischer K\u00fcche, eine 24-Stunden-Rezeption und kostenloses WLAN. Zimmer mit eigenem Bad<br \/>\nmit Bidet und kostenlosen Pflegeprodukten, Flachbildfernseher und Klimaanlage. Einige Zimmer verf\u00fcgen \u00fcber eine<br \/>\nTerrasse. Alle Zimmer verf\u00fcgen \u00fcber einen Safe. Die wichtigsten Einrichtungen des Resorts wie die Rezeption, das<br \/>\nzentrale Restaurant, die Pools und die Bar sind ca. 150 Meter entfernt. Der Strand, der durch einen Spaziergang<br \/>\ndurch den Pinienwald erreichbar ist, befindet sich in ca. 600 Metern Entfernung und besteht aus hellem Sand mit mittlerer K\u00f6rnung. Er ist mit Liegest\u00fchlen und Sonnenschirmen ausgestattet und<br \/>\ndas Meer ist flach und sicher.<\/p>\n","protected":false},"excerpt":{"rendered":"<p>Das Horse Country Resort Congress &amp; Spa &#8211; Hotel Medar befindet sich in Arborea, 700 Meter von Marina di Arborea entfernt, im noch unber\u00fchrten Teil der Insel und verf\u00fcgt \u00fcber ein Fitnesscenter, einen Garten und einen Gemeinschaftsraum, eine Bar und ein Restaurant mit italienischer K\u00fcche, eine 24-Stunden-Rezeption und kostenloses WLAN. Zimmer mit eigenem Bad mit [&hellip;]<\/p>\n","protected":false},"featured_media":3039,"comment_status":"open","ping_status":"closed","template":"","meta":[],"product_brand":[],"product_cat":[96],"product_tag":[],"class_list":{"0":"post-3451","1":"product","2":"type-product","3":"status-publish","4":"has-post-thumbnail","6":"product_cat-reisen","8":"first","9":"outofstock","10":"taxable","11":"shipping-taxable","12":"purchasable","13":"product-type-variable"},"_links":{"self":[{"href":"https:\/\/freeland.bz.it\/de\/wp-json\/wp\/v2\/product\/3451","targetHints":{"allow":["GET"]}}],"collection":[{"href":"https:\/\/freeland.bz.it\/de\/wp-json\/wp\/v2\/product"}],"about":[{"href":"https:\/\/freeland.bz.it\/de\/wp-json\/wp\/v2\/types\/product"}],"replies":[{"embeddable":true,"href":"https:\/\/freeland.bz.it\/de\/wp-json\/wp\/v2\/comments?post=3451"}],"version-history":[{"count":3,"href":"https:\/\/freeland.bz.it\/de\/wp-json\/wp\/v2\/product\/3451\/revisions"}],"predecessor-version":[{"id":3810,"href":"https:\/\/freeland.bz.it\/de\/wp-json\/wp\/v2\/product\/3451\/revisions\/3810"}],"wp:featuredmedia":[{"embeddable":true,"href":"https:\/\/freeland.bz.it\/de\/wp-json\/wp\/v2\/media\/3039"}],"wp:attachment":[{"href":"https:\/\/freeland.bz.it\/de\/wp-json\/wp\/v2\/media?parent=3451"}],"wp:term":[{"taxonomy":"product_brand","embeddable":true,"href":"https:\/\/freeland.bz.it\/de\/wp-json\/wp\/v2\/product_brand?post=3451"},{"taxonomy":"product_cat","embeddable":true,"href":"https:\/\/freeland.bz.it\/de\/wp-json\/wp\/v2\/product_cat?post=3451"},{"taxonomy":"product_tag","embeddable":true,"href":"https:\/\/freeland.bz.it\/de\/wp-json\/wp\/v2\/product_tag?post=3451"}],"curies":[{"name":"wp","href":"https:\/\/api.w.org\/{rel}","templated":true}]}}