{"id":3305,"date":"2025-12-23T15:29:52","date_gmt":"2025-12-23T14:29:52","guid":{"rendered":"https:\/\/freeland.bz.it\/?post_type=product&#038;p=3305"},"modified":"2026-04-13T11:14:33","modified_gmt":"2026-04-13T10:14:33","slug":"nabucco-oper-von-giuseppe-verdi-copia-copia","status":"publish","type":"product","link":"https:\/\/freeland.bz.it\/de\/prodotto\/nabucco-oper-von-giuseppe-verdi-copia-copia\/","title":{"rendered":"MERIDIAN STRETCHING"},"content":{"rendered":"<p>Die \u00dcbungen zielen auf uns flexibler und damit st\u00e4rker zu machen, die richitige Atmung und das<br \/>Haltungsgleichgewicht zu f\u00f6rdern, jegliche Disharmonie oder St\u00f6rungen (Kopfschmerzen, Schlaflosigkeit,<br \/>R\u00fcckenschmerzen\u2026) zu lindern, ein gr\u00f6\u00dferes K\u00f6rperbewusstsein und eine h\u00f6here Konzentrazionsf\u00e4higkeit zu<br \/>entwickeln.<\/p>\n","protected":false},"excerpt":{"rendered":"<p>Die \u00dcbungen zielen auf uns flexibler und damit st\u00e4rker zu machen, die richitige Atmung und dasHaltungsgleichgewicht zu f\u00f6rdern, jegliche Disharmonie oder St\u00f6rungen (Kopfschmerzen, Schlaflosigkeit,R\u00fcckenschmerzen\u2026) zu lindern, ein gr\u00f6\u00dferes K\u00f6rperbewusstsein und eine h\u00f6here Konzentrazionsf\u00e4higkeit zuentwickeln.<\/p>\n","protected":false},"featured_media":3232,"comment_status":"open","ping_status":"closed","template":"","meta":[],"product_brand":[],"product_cat":[121],"product_tag":[],"class_list":{"0":"post-3305","1":"product","2":"type-product","3":"status-publish","4":"has-post-thumbnail","6":"product_cat-freiraum","8":"first","9":"instock","10":"taxable","11":"shipping-taxable","12":"purchasable","13":"product-type-variable"},"_links":{"self":[{"href":"https:\/\/freeland.bz.it\/de\/wp-json\/wp\/v2\/product\/3305","targetHints":{"allow":["GET"]}}],"collection":[{"href":"https:\/\/freeland.bz.it\/de\/wp-json\/wp\/v2\/product"}],"about":[{"href":"https:\/\/freeland.bz.it\/de\/wp-json\/wp\/v2\/types\/product"}],"replies":[{"embeddable":true,"href":"https:\/\/freeland.bz.it\/de\/wp-json\/wp\/v2\/comments?post=3305"}],"version-history":[{"count":2,"href":"https:\/\/freeland.bz.it\/de\/wp-json\/wp\/v2\/product\/3305\/revisions"}],"predecessor-version":[{"id":3324,"href":"https:\/\/freeland.bz.it\/de\/wp-json\/wp\/v2\/product\/3305\/revisions\/3324"}],"wp:featuredmedia":[{"embeddable":true,"href":"https:\/\/freeland.bz.it\/de\/wp-json\/wp\/v2\/media\/3232"}],"wp:attachment":[{"href":"https:\/\/freeland.bz.it\/de\/wp-json\/wp\/v2\/media?parent=3305"}],"wp:term":[{"taxonomy":"product_brand","embeddable":true,"href":"https:\/\/freeland.bz.it\/de\/wp-json\/wp\/v2\/product_brand?post=3305"},{"taxonomy":"product_cat","embeddable":true,"href":"https:\/\/freeland.bz.it\/de\/wp-json\/wp\/v2\/product_cat?post=3305"},{"taxonomy":"product_tag","embeddable":true,"href":"https:\/\/freeland.bz.it\/de\/wp-json\/wp\/v2\/product_tag?post=3305"}],"curies":[{"name":"wp","href":"https:\/\/api.w.org\/{rel}","templated":true}]}}