{"id":3279,"date":"2025-12-23T13:46:44","date_gmt":"2025-12-23T12:46:44","guid":{"rendered":"https:\/\/freeland.bz.it\/?post_type=product&#038;p=3279"},"modified":"2026-04-13T11:13:28","modified_gmt":"2026-04-13T10:13:28","slug":"nabucco-oper-von-giuseppe-verdi-copia","status":"publish","type":"product","link":"https:\/\/freeland.bz.it\/de\/prodotto\/nabucco-oper-von-giuseppe-verdi-copia\/","title":{"rendered":"GANZHEITLICHE R\u00dcCKENGYMNASIK"},"content":{"rendered":"<p>Ausgleich, Prophylxe &amp; Training f\u00fcr Menschen, die viel sitzen und zu wenig Bewegung haben. Der K\u00f6rper<br \/>\nwird durch Mobilisierungs-, Kr\u00e4ftigungs-, Dehnungs- und Gleichgewichts\u00fcbungen elastisch gehalten. Zum<br \/>\nAbschluss der Stunde Entspannungs\u00fcbungen.<\/p>\n","protected":false},"excerpt":{"rendered":"<p>Ausgleich, Prophylxe &amp; Training f\u00fcr Menschen, die viel sitzen und zu wenig Bewegung haben. Der K\u00f6rper wird durch Mobilisierungs-, Kr\u00e4ftigungs-, Dehnungs- und Gleichgewichts\u00fcbungen elastisch gehalten. Zum Abschluss der Stunde Entspannungs\u00fcbungen.<\/p>\n","protected":false},"featured_media":3295,"comment_status":"open","ping_status":"closed","template":"","meta":[],"product_brand":[],"product_cat":[121],"product_tag":[],"class_list":{"0":"post-3279","1":"product","2":"type-product","3":"status-publish","4":"has-post-thumbnail","6":"product_cat-freiraum","8":"first","9":"instock","10":"taxable","11":"shipping-taxable","12":"purchasable","13":"product-type-variable"},"_links":{"self":[{"href":"https:\/\/freeland.bz.it\/de\/wp-json\/wp\/v2\/product\/3279","targetHints":{"allow":["GET"]}}],"collection":[{"href":"https:\/\/freeland.bz.it\/de\/wp-json\/wp\/v2\/product"}],"about":[{"href":"https:\/\/freeland.bz.it\/de\/wp-json\/wp\/v2\/types\/product"}],"replies":[{"embeddable":true,"href":"https:\/\/freeland.bz.it\/de\/wp-json\/wp\/v2\/comments?post=3279"}],"version-history":[{"count":3,"href":"https:\/\/freeland.bz.it\/de\/wp-json\/wp\/v2\/product\/3279\/revisions"}],"predecessor-version":[{"id":3817,"href":"https:\/\/freeland.bz.it\/de\/wp-json\/wp\/v2\/product\/3279\/revisions\/3817"}],"wp:featuredmedia":[{"embeddable":true,"href":"https:\/\/freeland.bz.it\/de\/wp-json\/wp\/v2\/media\/3295"}],"wp:attachment":[{"href":"https:\/\/freeland.bz.it\/de\/wp-json\/wp\/v2\/media?parent=3279"}],"wp:term":[{"taxonomy":"product_brand","embeddable":true,"href":"https:\/\/freeland.bz.it\/de\/wp-json\/wp\/v2\/product_brand?post=3279"},{"taxonomy":"product_cat","embeddable":true,"href":"https:\/\/freeland.bz.it\/de\/wp-json\/wp\/v2\/product_cat?post=3279"},{"taxonomy":"product_tag","embeddable":true,"href":"https:\/\/freeland.bz.it\/de\/wp-json\/wp\/v2\/product_tag?post=3279"}],"curies":[{"name":"wp","href":"https:\/\/api.w.org\/{rel}","templated":true}]}}