{"id":3104,"date":"2025-12-16T15:49:42","date_gmt":"2025-12-16T14:49:42","guid":{"rendered":"https:\/\/freeland.bz.it\/?post_type=product&#038;p=3104"},"modified":"2026-04-13T11:14:17","modified_gmt":"2026-04-13T10:14:17","slug":"mantua-palazzo-te-und-sammlung-sonnabend","status":"publish","type":"product","link":"https:\/\/freeland.bz.it\/de\/prodotto\/mantua-palazzo-te-und-sammlung-sonnabend\/","title":{"rendered":"Mantua &#8211; Palazzo Te und Sammlung Sonnabend"},"content":{"rendered":"<div class=\"page\" title=\"Seite 1\">\n<div class=\"section\">\n<div class=\"section\">\n<div class=\"layoutArea\">\n<div class=\"column\">\n<div class=\"page\" title=\"Seite 1\">\n<div class=\"layoutArea\">\n<div class=\"column\">\n<p>Palazzo Te, ein Geb\u00e4ude, das am besten das kulturelle Temperament des Renaissance-Hofes der Familie Gonzaga repr\u00e4sentiert, die der lombardischen Stadt zwischen dem 15. und 16. Die restaurierten mittelalterlichen R\u00e4ume des Palazzo della Ragione beherbergen die Sonnabend Collection Mantova, Werke, die die zeitgen\u00f6ssische Kreativit\u00e4t abbilden.<\/p>\n<p>Abfahrt mit dem Bus von Bozen aus:<\/p>\n<div class=\"page\" title=\"Seite 1\">\n<div class=\"layoutArea\">\n<div class=\"column\">\n<ul>\n<li>h 7.30 Uhr Corso Libert\u00e0, Bushaltestelle neben dem Denkmal<\/li>\n<li>h 7.35 Uhr Via Palermo, Bushaltestelle, gegen\u00fcber dem Spielzeugladen<\/li>\n<li>7.40 Uhr Autobahnparkplatz Bozen S\u00fcd (innerhalb des Parkhauses)<\/li>\n<li>Egna, Trient: auf Anfrage<\/li>\n<li>h 10.40 Uhr Eingang zur Besichtigung des Palastes 1. Gruppe &#8211; F\u00fchrung<\/li>\n<li>h 10.50 Uhr Eintritt zur Besichtigung des Palastes 2. Gruppe &#8211; F\u00fchrung<\/li>\n<\/ul>\n<p>freie Zeit zur Verf\u00fcgung<\/p>\n<ul>\n<li>h 14.00 Eintritt in die Sammlung Sonnabend, Palazzo della Ragione 1. Gruppe &#8211; F\u00fchrung<\/li>\n<li>h 15.30 Eintritt in die Sammlung Sonnabend, Palazzo della Ragione 2. Gruppe &#8211; F\u00fchrung<\/li>\n<\/ul>\n<\/div>\n<\/div>\n<\/div>\n<\/div>\n<\/div>\n<\/div>\n<\/div>\n<\/div>\n<\/div>\n<\/div>\n<\/div>\n","protected":false},"excerpt":{"rendered":"<p>Palazzo Te, ein Geb\u00e4ude, das am besten das kulturelle Temperament des Renaissance-Hofes der Familie Gonzaga repr\u00e4sentiert, die der lombardischen Stadt zwischen dem 15. und 16. Die restaurierten mittelalterlichen R\u00e4ume des Palazzo della Ragione beherbergen die Sonnabend Collection Mantova, Werke, die die zeitgen\u00f6ssische Kreativit\u00e4t abbilden. Abfahrt mit dem Bus von Bozen aus: h 7.30 Uhr Corso [&hellip;]<\/p>\n","protected":false},"featured_media":3114,"comment_status":"closed","ping_status":"closed","template":"","meta":[],"product_brand":[],"product_cat":[96],"product_tag":[],"class_list":{"0":"post-3104","1":"product","2":"type-product","3":"status-publish","4":"has-post-thumbnail","6":"product_cat-reisen","8":"first","9":"instock","10":"taxable","11":"shipping-taxable","12":"purchasable","13":"product-type-variable"},"_links":{"self":[{"href":"https:\/\/freeland.bz.it\/de\/wp-json\/wp\/v2\/product\/3104","targetHints":{"allow":["GET"]}}],"collection":[{"href":"https:\/\/freeland.bz.it\/de\/wp-json\/wp\/v2\/product"}],"about":[{"href":"https:\/\/freeland.bz.it\/de\/wp-json\/wp\/v2\/types\/product"}],"replies":[{"embeddable":true,"href":"https:\/\/freeland.bz.it\/de\/wp-json\/wp\/v2\/comments?post=3104"}],"version-history":[{"count":3,"href":"https:\/\/freeland.bz.it\/de\/wp-json\/wp\/v2\/product\/3104\/revisions"}],"predecessor-version":[{"id":3794,"href":"https:\/\/freeland.bz.it\/de\/wp-json\/wp\/v2\/product\/3104\/revisions\/3794"}],"wp:featuredmedia":[{"embeddable":true,"href":"https:\/\/freeland.bz.it\/de\/wp-json\/wp\/v2\/media\/3114"}],"wp:attachment":[{"href":"https:\/\/freeland.bz.it\/de\/wp-json\/wp\/v2\/media?parent=3104"}],"wp:term":[{"taxonomy":"product_brand","embeddable":true,"href":"https:\/\/freeland.bz.it\/de\/wp-json\/wp\/v2\/product_brand?post=3104"},{"taxonomy":"product_cat","embeddable":true,"href":"https:\/\/freeland.bz.it\/de\/wp-json\/wp\/v2\/product_cat?post=3104"},{"taxonomy":"product_tag","embeddable":true,"href":"https:\/\/freeland.bz.it\/de\/wp-json\/wp\/v2\/product_tag?post=3104"}],"curies":[{"name":"wp","href":"https:\/\/api.w.org\/{rel}","templated":true}]}}