{"id":3090,"date":"2025-12-16T15:23:51","date_gmt":"2025-12-16T14:23:51","guid":{"rendered":"https:\/\/freeland.bz.it\/?post_type=product&#038;p=3090"},"modified":"2026-04-13T11:08:28","modified_gmt":"2026-04-13T10:08:28","slug":"marrakech-copia","status":"publish","type":"product","link":"https:\/\/freeland.bz.it\/de\/prodotto\/marrakech-copia\/","title":{"rendered":"Nabucco &#8211; Oper von Giuseppe Verdi"},"content":{"rendered":"<div class=\"page\" title=\"Seite 1\">\n<div class=\"section\">\n<div class=\"section\">\n<div class=\"layoutArea\">\n<div class=\"column\">\n<p>Nabucco, Verdis Oper, erz\u00e4hlt von der Eroberung Jerusalems durch den babylonischen K\u00f6nig Nebukadnezar (Nabucco), der Versklavung der Juden und dem inneren Kampf zwischen den T\u00f6chtern des K\u00f6nigs, der tyrannischen Abigaille und der s\u00fc\u00dfen Fenena, die in den Hebr\u00e4er Ismael verliebt ist. Dies gipfelt in Nabuccos Wahnsinn, seiner Bekehrung zum j\u00fcdischen Gott, der Erl\u00f6sung, der Befreiung der Sklaven und dem Selbstmord von Abigaille, wobei der ber\u00fchmte Refrain &#8218;Va, pensiero&#8216; das unterdr\u00fcckte Volk symbolisiert. Va&#8216; pensiero&#8220; geh\u00f6rt zu den wenigen St\u00fccken, die schon lange vor den Noten und Worten, aus denen sie bestehen, genetisch mit einer universellen und instinktiven menschlichen Bedeutung verbunden sind, die in diesem Fall zwei Dinge bedeutet: die F\u00e4higkeit, auf ein widriges Schicksal zu reagieren und die Freiheit.<\/p>\n<\/div>\n<\/div>\n<\/div>\n<\/div>\n<\/div>\n","protected":false},"excerpt":{"rendered":"<p>Nabucco, Verdis Oper, erz\u00e4hlt von der Eroberung Jerusalems durch den babylonischen K\u00f6nig Nebukadnezar (Nabucco), der Versklavung der Juden und dem inneren Kampf zwischen den T\u00f6chtern des K\u00f6nigs, der tyrannischen Abigaille und der s\u00fc\u00dfen Fenena, die in den Hebr\u00e4er Ismael verliebt ist. Dies gipfelt in Nabuccos Wahnsinn, seiner Bekehrung zum j\u00fcdischen Gott, der Erl\u00f6sung, der Befreiung [&hellip;]<\/p>\n","protected":false},"featured_media":3100,"comment_status":"open","ping_status":"closed","template":"","meta":[],"product_brand":[],"product_cat":[96],"product_tag":[],"class_list":{"0":"post-3090","1":"product","2":"type-product","3":"status-publish","4":"has-post-thumbnail","6":"product_cat-reisen","8":"first","9":"instock","10":"taxable","11":"shipping-taxable","12":"purchasable","13":"product-type-variable"},"_links":{"self":[{"href":"https:\/\/freeland.bz.it\/de\/wp-json\/wp\/v2\/product\/3090","targetHints":{"allow":["GET"]}}],"collection":[{"href":"https:\/\/freeland.bz.it\/de\/wp-json\/wp\/v2\/product"}],"about":[{"href":"https:\/\/freeland.bz.it\/de\/wp-json\/wp\/v2\/types\/product"}],"replies":[{"embeddable":true,"href":"https:\/\/freeland.bz.it\/de\/wp-json\/wp\/v2\/comments?post=3090"}],"version-history":[{"count":3,"href":"https:\/\/freeland.bz.it\/de\/wp-json\/wp\/v2\/product\/3090\/revisions"}],"predecessor-version":[{"id":3137,"href":"https:\/\/freeland.bz.it\/de\/wp-json\/wp\/v2\/product\/3090\/revisions\/3137"}],"wp:featuredmedia":[{"embeddable":true,"href":"https:\/\/freeland.bz.it\/de\/wp-json\/wp\/v2\/media\/3100"}],"wp:attachment":[{"href":"https:\/\/freeland.bz.it\/de\/wp-json\/wp\/v2\/media?parent=3090"}],"wp:term":[{"taxonomy":"product_brand","embeddable":true,"href":"https:\/\/freeland.bz.it\/de\/wp-json\/wp\/v2\/product_brand?post=3090"},{"taxonomy":"product_cat","embeddable":true,"href":"https:\/\/freeland.bz.it\/de\/wp-json\/wp\/v2\/product_cat?post=3090"},{"taxonomy":"product_tag","embeddable":true,"href":"https:\/\/freeland.bz.it\/de\/wp-json\/wp\/v2\/product_tag?post=3090"}],"curies":[{"name":"wp","href":"https:\/\/api.w.org\/{rel}","templated":true}]}}