{"id":3061,"date":"2026-01-18T07:55:13","date_gmt":"2026-01-18T06:55:13","guid":{"rendered":"https:\/\/freeland.bz.it\/prodotto\/aegypten-jenseits-des-nils\/"},"modified":"2026-04-13T11:10:17","modified_gmt":"2026-04-13T10:10:17","slug":"aegypten-jenseits-des-nils","status":"publish","type":"product","link":"https:\/\/freeland.bz.it\/de\/prodotto\/aegypten-jenseits-des-nils\/","title":{"rendered":"Wei\u00dfe W\u00fcste \u00c4gypten"},"content":{"rendered":"<p>Es handelt sich weder um Schnee noch um eine Mondlandschaft und auch nicht um ein retuschiertes Bild: Wir sprechen von dem Teil der Sahara-W\u00fcste, der sich in \u00c4gypten zwischen den Oasen Farafra und Bahariya befindet. An diesen Orten entsteht eine ziemlich surreale Landschaft, die wie aus einem Science-Fiction-Film entsprungen scheint. Es scheint, dass Alexander der Gro\u00dfe nach der Eroberung \u00c4gyptens die wei\u00dfe W\u00fcste durchquerte, um das Orakel von Amun zu konsultieren. Auch Kleopatra soll sie von Theben aus durchquert haben, um nach Siwa, der Grenze des Reiches der Pharaonen, zu gelangen. Die Wei\u00dfe W\u00fcste ist ein magischer Ort, der bei Sonnenaufgang und Sonnenuntergang ein wirklich einzigartiges Schauspiel bietet: Die Kreideformationen f\u00e4rben sich rosa und orange, um dann langsam wieder zu ihrem nat\u00fcrlichen Wei\u00df zur\u00fcckzukehren, das in der Nacht hervorsticht und tags\u00fcber blendet.    <\/p>\n","protected":false},"excerpt":{"rendered":"<p>Es handelt sich weder um Schnee noch um eine Mondlandschaft und auch nicht um ein retuschiertes Bild: Wir sprechen von dem Teil der Sahara-W\u00fcste, der sich in \u00c4gypten zwischen den Oasen Farafra und Bahariya befindet. An diesen Orten entsteht eine ziemlich surreale Landschaft, die wie aus einem Science-Fiction-Film entsprungen scheint. Es scheint, dass Alexander der [&hellip;]<\/p>\n","protected":false},"featured_media":3148,"comment_status":"open","ping_status":"closed","template":"","meta":[],"product_brand":[],"product_cat":[96],"product_tag":[],"class_list":{"0":"post-3061","1":"product","2":"type-product","3":"status-publish","4":"has-post-thumbnail","6":"product_cat-reisen","8":"first","9":"instock","10":"taxable","11":"shipping-taxable","12":"purchasable","13":"product-type-variable","14":"has-default-attributes"},"_links":{"self":[{"href":"https:\/\/freeland.bz.it\/de\/wp-json\/wp\/v2\/product\/3061","targetHints":{"allow":["GET"]}}],"collection":[{"href":"https:\/\/freeland.bz.it\/de\/wp-json\/wp\/v2\/product"}],"about":[{"href":"https:\/\/freeland.bz.it\/de\/wp-json\/wp\/v2\/types\/product"}],"replies":[{"embeddable":true,"href":"https:\/\/freeland.bz.it\/de\/wp-json\/wp\/v2\/comments?post=3061"}],"version-history":[{"count":1,"href":"https:\/\/freeland.bz.it\/de\/wp-json\/wp\/v2\/product\/3061\/revisions"}],"predecessor-version":[{"id":3176,"href":"https:\/\/freeland.bz.it\/de\/wp-json\/wp\/v2\/product\/3061\/revisions\/3176"}],"wp:featuredmedia":[{"embeddable":true,"href":"https:\/\/freeland.bz.it\/de\/wp-json\/wp\/v2\/media\/3148"}],"wp:attachment":[{"href":"https:\/\/freeland.bz.it\/de\/wp-json\/wp\/v2\/media?parent=3061"}],"wp:term":[{"taxonomy":"product_brand","embeddable":true,"href":"https:\/\/freeland.bz.it\/de\/wp-json\/wp\/v2\/product_brand?post=3061"},{"taxonomy":"product_cat","embeddable":true,"href":"https:\/\/freeland.bz.it\/de\/wp-json\/wp\/v2\/product_cat?post=3061"},{"taxonomy":"product_tag","embeddable":true,"href":"https:\/\/freeland.bz.it\/de\/wp-json\/wp\/v2\/product_tag?post=3061"}],"curies":[{"name":"wp","href":"https:\/\/api.w.org\/{rel}","templated":true}]}}