{"id":3052,"date":"2025-11-27T14:08:17","date_gmt":"2025-11-27T13:08:17","guid":{"rendered":"https:\/\/freeland.bz.it\/prodotto\/taiwan\/"},"modified":"2026-04-13T11:09:07","modified_gmt":"2026-04-13T10:09:07","slug":"taiwan","status":"publish","type":"product","link":"https:\/\/freeland.bz.it\/de\/prodotto\/taiwan\/","title":{"rendered":"Taiwan"},"content":{"rendered":"<p>Seit Jahrhunderten ist Taiwan als Ilha Formosa bekannt, was auf Portugiesisch \u201esch\u00f6ne Insel\u201c bedeutet. Ein Name, der nicht zuf\u00e4llig gew\u00e4hlt wurde.<br \/>Taiwan hat wirklich alles zu bieten: tropische Str\u00e4nde, spektakul\u00e4re Schluchten, Hunderte von nat\u00fcrlichen Thermalquellen und Bergketten, die fast 4.000 Meter hoch sind. Dank des milden Klimas ist die Insel auch als<br \/>\ndas Reich der Schmetterlinge bekannt.<br \/>\nDie Kultur Taiwans ist eine Mischung aus verschiedenen historischen Epochen, die sich sowohl in traditioneller als auch in moderner Form manifestiert.  <\/p>\n","protected":false},"excerpt":{"rendered":"<p>Seit Jahrhunderten ist Taiwan als Ilha Formosa bekannt, was auf Portugiesisch \u201esch\u00f6ne Insel\u201c bedeutet. Ein Name, der nicht zuf\u00e4llig gew\u00e4hlt wurde.Taiwan hat wirklich alles zu bieten: tropische Str\u00e4nde, spektakul\u00e4re Schluchten, Hunderte von nat\u00fcrlichen Thermalquellen und Bergketten, die fast 4.000 Meter hoch sind. Dank des milden Klimas ist die Insel auch als das Reich der Schmetterlinge [&hellip;]<\/p>\n","protected":false},"featured_media":3047,"comment_status":"open","ping_status":"closed","template":"","meta":[],"product_brand":[],"product_cat":[96],"product_tag":[],"class_list":{"0":"post-3052","1":"product","2":"type-product","3":"status-publish","4":"has-post-thumbnail","6":"product_cat-reisen","8":"first","9":"instock","10":"taxable","11":"shipping-taxable","12":"purchasable","13":"product-type-variable"},"_links":{"self":[{"href":"https:\/\/freeland.bz.it\/de\/wp-json\/wp\/v2\/product\/3052","targetHints":{"allow":["GET"]}}],"collection":[{"href":"https:\/\/freeland.bz.it\/de\/wp-json\/wp\/v2\/product"}],"about":[{"href":"https:\/\/freeland.bz.it\/de\/wp-json\/wp\/v2\/types\/product"}],"replies":[{"embeddable":true,"href":"https:\/\/freeland.bz.it\/de\/wp-json\/wp\/v2\/comments?post=3052"}],"version-history":[{"count":1,"href":"https:\/\/freeland.bz.it\/de\/wp-json\/wp\/v2\/product\/3052\/revisions"}],"predecessor-version":[{"id":3815,"href":"https:\/\/freeland.bz.it\/de\/wp-json\/wp\/v2\/product\/3052\/revisions\/3815"}],"wp:featuredmedia":[{"embeddable":true,"href":"https:\/\/freeland.bz.it\/de\/wp-json\/wp\/v2\/media\/3047"}],"wp:attachment":[{"href":"https:\/\/freeland.bz.it\/de\/wp-json\/wp\/v2\/media?parent=3052"}],"wp:term":[{"taxonomy":"product_brand","embeddable":true,"href":"https:\/\/freeland.bz.it\/de\/wp-json\/wp\/v2\/product_brand?post=3052"},{"taxonomy":"product_cat","embeddable":true,"href":"https:\/\/freeland.bz.it\/de\/wp-json\/wp\/v2\/product_cat?post=3052"},{"taxonomy":"product_tag","embeddable":true,"href":"https:\/\/freeland.bz.it\/de\/wp-json\/wp\/v2\/product_tag?post=3052"}],"curies":[{"name":"wp","href":"https:\/\/api.w.org\/{rel}","templated":true}]}}